{"id":1427,"date":"2024-04-11T10:16:26","date_gmt":"2024-04-11T10:16:26","guid":{"rendered":"https:\/\/majaposavec.eu\/?page_id=1427"},"modified":"2024-05-14T13:18:06","modified_gmt":"2024-05-14T13:18:06","slug":"home-hr","status":"publish","type":"page","link":"https:\/\/majaposavec.eu\/index.php\/hr\/home-hr\/","title":{"rendered":"Home HR"},"content":{"rendered":"\t\t<div data-elementor-type=\"wp-page\" data-elementor-id=\"1427\" class=\"elementor elementor-1427\">\n\t\t\t\t<div class=\"elementor-element elementor-element-144e08e e-flex e-con-boxed e-con e-parent\" data-id=\"144e08e\" data-element_type=\"container\" data-settings=\"{&quot;background_background&quot;:&quot;classic&quot;}\">\n\t\t\t\t\t<div class=\"e-con-inner\">\n\t\t<div class=\"elementor-element elementor-element-851ee87 e-con-full e-flex e-con e-child\" data-id=\"851ee87\" data-element_type=\"container\" data-settings=\"{&quot;background_background&quot;:&quot;classic&quot;}\">\n\t\t\t\t<div class=\"elementor-element elementor-element-a687993 elementor-invisible elementor-widget elementor-widget-image\" data-id=\"a687993\" data-element_type=\"widget\" data-settings=\"{&quot;_animation&quot;:&quot;fadeInLeft&quot;}\" data-widget_type=\"image.default\">\n\t\t\t\t<div class=\"elementor-widget-container\">\n\t\t\t\t\t\t\t\t\t\t\t\t\t\t\t<img fetchpriority=\"high\" decoding=\"async\" width=\"1536\" height=\"1018\" src=\"https:\/\/majaposavec.eu\/wp-content\/uploads\/2024\/03\/000011300033_31-1536x1018.jpg\" class=\"attachment-1536x1536 size-1536x1536 wp-image-677\" alt=\"\" srcset=\"https:\/\/majaposavec.eu\/wp-content\/uploads\/2024\/03\/000011300033_31-1536x1018.jpg 1536w, https:\/\/majaposavec.eu\/wp-content\/uploads\/2024\/03\/000011300033_31-300x199.jpg 300w, https:\/\/majaposavec.eu\/wp-content\/uploads\/2024\/03\/000011300033_31-1024x679.jpg 1024w, https:\/\/majaposavec.eu\/wp-content\/uploads\/2024\/03\/000011300033_31-768x509.jpg 768w, https:\/\/majaposavec.eu\/wp-content\/uploads\/2024\/03\/000011300033_31-2048x1358.jpg 2048w, https:\/\/majaposavec.eu\/wp-content\/uploads\/2024\/03\/000011300033_31-24x16.jpg 24w, https:\/\/majaposavec.eu\/wp-content\/uploads\/2024\/03\/000011300033_31-36x24.jpg 36w, https:\/\/majaposavec.eu\/wp-content\/uploads\/2024\/03\/000011300033_31-48x32.jpg 48w\" sizes=\"(max-width: 1536px) 100vw, 1536px\" \/>\t\t\t\t\t\t\t\t\t\t\t\t\t\t\t<\/div>\n\t\t\t\t<\/div>\n\t\t\t\t<\/div>\n\t\t<div class=\"elementor-element elementor-element-00c7132 e-con-full e-flex e-con e-child\" data-id=\"00c7132\" data-element_type=\"container\">\n\t\t<div class=\"elementor-element elementor-element-e0337ac elementor-hidden-mobile e-flex e-con-boxed e-con e-child\" data-id=\"e0337ac\" data-element_type=\"container\">\n\t\t\t\t\t<div class=\"e-con-inner\">\n\t\t\t\t\t<\/div>\n\t\t\t\t<\/div>\n\t\t<div class=\"elementor-element elementor-element-e0ade40 e-flex e-con-boxed elementor-invisible e-con e-child\" data-id=\"e0ade40\" data-element_type=\"container\" data-settings=\"{&quot;background_background&quot;:&quot;classic&quot;,&quot;animation&quot;:&quot;fadeInRight&quot;}\">\n\t\t\t\t\t<div class=\"e-con-inner\">\n\t\t\t\t<div class=\"elementor-element elementor-element-1d0fb9a elementor-widget elementor-widget-heading\" data-id=\"1d0fb9a\" data-element_type=\"widget\" data-widget_type=\"heading.default\">\n\t\t\t\t<div class=\"elementor-widget-container\">\n\t\t\t\t\t<h2 class=\"elementor-heading-title elementor-size-default\">MAJA POSAVEC<\/h2>\t\t\t\t<\/div>\n\t\t\t\t<\/div>\n\t\t\t\t<div class=\"elementor-element elementor-element-0e122f7 elementor-widget elementor-widget-text-editor\" data-id=\"0e122f7\" data-element_type=\"widget\" data-widget_type=\"text-editor.default\">\n\t\t\t\t<div class=\"elementor-widget-container\">\n\t\t\t\t\t\t\t\t\t<p class=\"p1\">Ne kuham ne smijem se<br \/>Ne \u010ditam na glas<br \/>Ne kupujem tulipane<br \/>Nisam sretna osoba.<br \/>Sve je to jedna velika predstava<br \/>Sve je to moje te\u0161ko u\u010denje.<\/p>\t\t\t\t\t\t\t\t<\/div>\n\t\t\t\t<\/div>\n\t\t\t\t<div class=\"elementor-element elementor-element-17cd923 elementor-align-left elementor-widget elementor-widget-button\" data-id=\"17cd923\" data-element_type=\"widget\" data-widget_type=\"button.default\">\n\t\t\t\t<div class=\"elementor-widget-container\">\n\t\t\t\t\t\t\t\t\t<div class=\"elementor-button-wrapper\">\n\t\t\t\t\t<a class=\"elementor-button elementor-button-link elementor-size-sm\" href=\"https:\/\/majaposavec.eu\/index.php\/hr\/bio-hr\/\">\n\t\t\t\t\t\t<span class=\"elementor-button-content-wrapper\">\n\t\t\t\t\t\t\t\t\t<span class=\"elementor-button-text\">O MENI \u2192<\/span>\n\t\t\t\t\t<\/span>\n\t\t\t\t\t<\/a>\n\t\t\t\t<\/div>\n\t\t\t\t\t\t\t\t<\/div>\n\t\t\t\t<\/div>\n\t\t\t\t\t<\/div>\n\t\t\t\t<\/div>\n\t\t\t\t<\/div>\n\t\t\t\t\t<\/div>\n\t\t\t\t<\/div>\n\t\t<div class=\"elementor-element elementor-element-646d7cb e-flex e-con-boxed e-con e-parent\" data-id=\"646d7cb\" data-element_type=\"container\" data-settings=\"{&quot;background_background&quot;:&quot;classic&quot;}\">\n\t\t\t\t\t<div class=\"e-con-inner\">\n\t\t\t\t<div class=\"elementor-element elementor-element-4c67b70 elementor-widget elementor-widget-spacer\" data-id=\"4c67b70\" data-element_type=\"widget\" data-widget_type=\"spacer.default\">\n\t\t\t\t<div class=\"elementor-widget-container\">\n\t\t\t\t\t\t\t<div class=\"elementor-spacer\">\n\t\t\t<div class=\"elementor-spacer-inner\"><\/div>\n\t\t<\/div>\n\t\t\t\t\t\t<\/div>\n\t\t\t\t<\/div>\n\t\t\t\t<div class=\"elementor-element elementor-element-6f6d708 elementor-widget-tablet__width-initial elementor-invisible elementor-widget elementor-widget-heading\" data-id=\"6f6d708\" data-element_type=\"widget\" data-settings=\"{&quot;_animation&quot;:&quot;fadeInUp&quot;}\" data-widget_type=\"heading.default\">\n\t\t\t\t<div class=\"elementor-widget-container\">\n\t\t\t\t\t<h2 class=\"elementor-heading-title elementor-size-default\">GLAZBA<\/h2>\t\t\t\t<\/div>\n\t\t\t\t<\/div>\n\t\t\t\t<div class=\"elementor-element elementor-element-de7cedb elementor-widget-divider--view-line elementor-invisible elementor-widget elementor-widget-divider\" data-id=\"de7cedb\" data-element_type=\"widget\" data-settings=\"{&quot;_animation&quot;:&quot;fadeInUp&quot;}\" data-widget_type=\"divider.default\">\n\t\t\t\t<div class=\"elementor-widget-container\">\n\t\t\t\t\t\t\t<div class=\"elementor-divider\">\n\t\t\t<span class=\"elementor-divider-separator\">\n\t\t\t\t\t\t<\/span>\n\t\t<\/div>\n\t\t\t\t\t\t<\/div>\n\t\t\t\t<\/div>\n\t\t\t\t<div class=\"elementor-element elementor-element-d21deb8 elementor-invisible elementor-widget elementor-widget-html\" data-id=\"d21deb8\" data-element_type=\"widget\" data-settings=\"{&quot;_animation&quot;:&quot;fadeInUp&quot;}\" data-widget_type=\"html.default\">\n\t\t\t\t<div class=\"elementor-widget-container\">\n\t\t\t\t\t<iframe style=\"border-radius:12px\" src=\"https:\/\/open.spotify.com\/embed\/track\/7dEZkFyx5CYDd3HFdmMGJd?utm_source=generator\" width=\"100%\" height=\"352\" frameBorder=\"0\" allowfullscreen=\"\" allow=\"autoplay; clipboard-write; encrypted-media; fullscreen; picture-in-picture\" loading=\"lazy\"><\/iframe>\t\t\t\t<\/div>\n\t\t\t\t<\/div>\n\t\t\t\t<div class=\"elementor-element elementor-element-e8817ec elementor-align-center elementor-widget elementor-widget-button\" data-id=\"e8817ec\" data-element_type=\"widget\" data-widget_type=\"button.default\">\n\t\t\t\t<div class=\"elementor-widget-container\">\n\t\t\t\t\t\t\t\t\t<div class=\"elementor-button-wrapper\">\n\t\t\t\t\t<a class=\"elementor-button elementor-button-link elementor-size-sm\" href=\"https:\/\/majaposavec.eu\/index.php\/hr\/music-hr\/\">\n\t\t\t\t\t\t<span class=\"elementor-button-content-wrapper\">\n\t\t\t\t\t\t\t\t\t<span class=\"elementor-button-text\">READ MORE \u2192<\/span>\n\t\t\t\t\t<\/span>\n\t\t\t\t\t<\/a>\n\t\t\t\t<\/div>\n\t\t\t\t\t\t\t\t<\/div>\n\t\t\t\t<\/div>\n\t\t\t\t<div class=\"elementor-element elementor-element-d0764e0 elementor-widget elementor-widget-spacer\" data-id=\"d0764e0\" data-element_type=\"widget\" data-widget_type=\"spacer.default\">\n\t\t\t\t<div class=\"elementor-widget-container\">\n\t\t\t\t\t\t\t<div class=\"elementor-spacer\">\n\t\t\t<div class=\"elementor-spacer-inner\"><\/div>\n\t\t<\/div>\n\t\t\t\t\t\t<\/div>\n\t\t\t\t<\/div>\n\t\t\t\t\t<\/div>\n\t\t\t\t<\/div>\n\t\t<div class=\"elementor-element elementor-element-4be52a0 e-flex e-con-boxed e-con e-parent\" data-id=\"4be52a0\" data-element_type=\"container\" data-settings=\"{&quot;background_background&quot;:&quot;classic&quot;}\">\n\t\t\t\t\t<div class=\"e-con-inner\">\n\t\t<div class=\"elementor-element elementor-element-e9cb05b e-con-full e-flex e-con e-child\" data-id=\"e9cb05b\" data-element_type=\"container\">\n\t\t\t\t<div class=\"elementor-element elementor-element-96190c8 elementor-widget elementor-widget-spacer\" data-id=\"96190c8\" data-element_type=\"widget\" data-widget_type=\"spacer.default\">\n\t\t\t\t<div class=\"elementor-widget-container\">\n\t\t\t\t\t\t\t<div class=\"elementor-spacer\">\n\t\t\t<div class=\"elementor-spacer-inner\"><\/div>\n\t\t<\/div>\n\t\t\t\t\t\t<\/div>\n\t\t\t\t<\/div>\n\t\t\t\t<div class=\"elementor-element elementor-element-5cc587a elementor-widget-tablet__width-initial elementor-invisible elementor-widget elementor-widget-heading\" data-id=\"5cc587a\" data-element_type=\"widget\" data-settings=\"{&quot;_animation&quot;:&quot;fadeInUp&quot;}\" data-widget_type=\"heading.default\">\n\t\t\t\t<div class=\"elementor-widget-container\">\n\t\t\t\t\t<h2 class=\"elementor-heading-title elementor-size-default\">PROJEKTI<\/h2>\t\t\t\t<\/div>\n\t\t\t\t<\/div>\n\t\t\t\t<div class=\"elementor-element elementor-element-65a99da elementor-widget-divider--view-line elementor-invisible elementor-widget elementor-widget-divider\" data-id=\"65a99da\" data-element_type=\"widget\" data-settings=\"{&quot;_animation&quot;:&quot;fadeInUp&quot;}\" data-widget_type=\"divider.default\">\n\t\t\t\t<div class=\"elementor-widget-container\">\n\t\t\t\t\t\t\t<div class=\"elementor-divider\">\n\t\t\t<span class=\"elementor-divider-separator\">\n\t\t\t\t\t\t<\/span>\n\t\t<\/div>\n\t\t\t\t\t\t<\/div>\n\t\t\t\t<\/div>\n\t\t\t\t<div class=\"elementor-element elementor-element-523191b elementor-widget elementor-widget-heading\" data-id=\"523191b\" data-element_type=\"widget\" data-widget_type=\"heading.default\">\n\t\t\t\t<div class=\"elementor-widget-container\">\n\t\t\t\t\t<h2 class=\"elementor-heading-title elementor-size-default\">An Evening with\nLeonard Cohen <\/h2>\t\t\t\t<\/div>\n\t\t\t\t<\/div>\n\t\t\t\t<div class=\"elementor-element elementor-element-04ac0ec elementor-align-center elementor-widget elementor-widget-button\" data-id=\"04ac0ec\" data-element_type=\"widget\" data-widget_type=\"button.default\">\n\t\t\t\t<div class=\"elementor-widget-container\">\n\t\t\t\t\t\t\t\t\t<div class=\"elementor-button-wrapper\">\n\t\t\t\t\t<a class=\"elementor-button elementor-button-link elementor-size-sm\" href=\"https:\/\/majaposavec.eu\/index.php\/hr\/an-evening-withleonard-cohen-hr\/\">\n\t\t\t\t\t\t<span class=\"elementor-button-content-wrapper\">\n\t\t\t\t\t\t\t\t\t<span class=\"elementor-button-text\">PRO\u010cITAJ VI\u0160E \u2192<\/span>\n\t\t\t\t\t<\/span>\n\t\t\t\t\t<\/a>\n\t\t\t\t<\/div>\n\t\t\t\t\t\t\t\t<\/div>\n\t\t\t\t<\/div>\n\t\t\t\t<div class=\"elementor-element elementor-element-d786612 elementor-widget elementor-widget-spacer\" data-id=\"d786612\" data-element_type=\"widget\" data-widget_type=\"spacer.default\">\n\t\t\t\t<div class=\"elementor-widget-container\">\n\t\t\t\t\t\t\t<div class=\"elementor-spacer\">\n\t\t\t<div class=\"elementor-spacer-inner\"><\/div>\n\t\t<\/div>\n\t\t\t\t\t\t<\/div>\n\t\t\t\t<\/div>\n\t\t\t\t<div class=\"elementor-element elementor-element-eca334b elementor-widget elementor-widget-heading\" data-id=\"eca334b\" data-element_type=\"widget\" data-widget_type=\"heading.default\">\n\t\t\t\t<div class=\"elementor-widget-container\">\n\t\t\t\t\t<h2 class=\"elementor-heading-title elementor-size-default\">Poma<\/h2>\t\t\t\t<\/div>\n\t\t\t\t<\/div>\n\t\t\t\t<\/div>\n\t\t<div class=\"elementor-element elementor-element-fc386ef e-con-full e-flex e-con e-child\" data-id=\"fc386ef\" data-element_type=\"container\">\n\t\t\t\t<div class=\"elementor-element elementor-element-c909549 elementor-widget elementor-widget-image\" data-id=\"c909549\" data-element_type=\"widget\" data-widget_type=\"image.default\">\n\t\t\t\t<div class=\"elementor-widget-container\">\n\t\t\t\t\t\t\t\t\t\t\t\t\t\t\t<img decoding=\"async\" width=\"473\" height=\"55\" src=\"https:\/\/majaposavec.eu\/wp-content\/uploads\/2024\/03\/Asset-35.svg\" class=\"attachment-large size-large wp-image-543\" alt=\"\" \/>\t\t\t\t\t\t\t\t\t\t\t\t\t\t\t<\/div>\n\t\t\t\t<\/div>\n\t\t\t\t<div class=\"elementor-element elementor-element-889be3d elementor-align-center elementor-widget elementor-widget-button\" data-id=\"889be3d\" data-element_type=\"widget\" data-widget_type=\"button.default\">\n\t\t\t\t<div class=\"elementor-widget-container\">\n\t\t\t\t\t\t\t\t\t<div class=\"elementor-button-wrapper\">\n\t\t\t\t\t<a class=\"elementor-button elementor-button-link elementor-size-sm\" href=\"https:\/\/majaposavec.eu\/index.php\/hr\/poma-oma-ma-hr\/\">\n\t\t\t\t\t\t<span class=\"elementor-button-content-wrapper\">\n\t\t\t\t\t\t\t\t\t<span class=\"elementor-button-text\">PRO\u010cITAJ VI\u0160E \u2192<\/span>\n\t\t\t\t\t<\/span>\n\t\t\t\t\t<\/a>\n\t\t\t\t<\/div>\n\t\t\t\t\t\t\t\t<\/div>\n\t\t\t\t<\/div>\n\t\t\t\t<div class=\"elementor-element elementor-element-46c58f4 elementor-widget elementor-widget-spacer\" data-id=\"46c58f4\" data-element_type=\"widget\" data-widget_type=\"spacer.default\">\n\t\t\t\t<div class=\"elementor-widget-container\">\n\t\t\t\t\t\t\t<div class=\"elementor-spacer\">\n\t\t\t<div class=\"elementor-spacer-inner\"><\/div>\n\t\t<\/div>\n\t\t\t\t\t\t<\/div>\n\t\t\t\t<\/div>\n\t\t\t\t<\/div>\n\t\t<div class=\"elementor-element elementor-element-cdfafc2 e-con-full e-flex e-con e-child\" data-id=\"cdfafc2\" data-element_type=\"container\">\n\t\t\t\t<div class=\"elementor-element elementor-element-8762f92 elementor-widget elementor-widget-image\" data-id=\"8762f92\" data-element_type=\"widget\" data-widget_type=\"image.default\">\n\t\t\t\t<div class=\"elementor-widget-container\">\n\t\t\t\t\t\t\t\t\t\t\t\t\t\t\t<img decoding=\"async\" width=\"545\" height=\"76\" src=\"https:\/\/majaposavec.eu\/wp-content\/uploads\/2024\/03\/Asset-25.svg\" class=\"attachment-large size-large wp-image-542\" alt=\"\" \/>\t\t\t\t\t\t\t\t\t\t\t\t\t\t\t<\/div>\n\t\t\t\t<\/div>\n\t\t\t\t<div class=\"elementor-element elementor-element-ea5c786 elementor-align-center elementor-widget elementor-widget-button\" data-id=\"ea5c786\" data-element_type=\"widget\" data-widget_type=\"button.default\">\n\t\t\t\t<div class=\"elementor-widget-container\">\n\t\t\t\t\t\t\t\t\t<div class=\"elementor-button-wrapper\">\n\t\t\t\t\t<a class=\"elementor-button elementor-button-link elementor-size-sm\" href=\"https:\/\/majaposavec.eu\/index.php\/hr\/leaving-a-lover-hr\/\">\n\t\t\t\t\t\t<span class=\"elementor-button-content-wrapper\">\n\t\t\t\t\t\t\t\t\t<span class=\"elementor-button-text\">PRO\u010cITAJ VI\u0160E \u2192<\/span>\n\t\t\t\t\t<\/span>\n\t\t\t\t\t<\/a>\n\t\t\t\t<\/div>\n\t\t\t\t\t\t\t\t<\/div>\n\t\t\t\t<\/div>\n\t\t\t\t<div class=\"elementor-element elementor-element-0225ac4 elementor-widget elementor-widget-spacer\" data-id=\"0225ac4\" data-element_type=\"widget\" data-widget_type=\"spacer.default\">\n\t\t\t\t<div class=\"elementor-widget-container\">\n\t\t\t\t\t\t\t<div class=\"elementor-spacer\">\n\t\t\t<div class=\"elementor-spacer-inner\"><\/div>\n\t\t<\/div>\n\t\t\t\t\t\t<\/div>\n\t\t\t\t<\/div>\n\t\t\t\t<\/div>\n\t\t\t\t\t<\/div>\n\t\t\t\t<\/div>\n\t\t<div class=\"elementor-element elementor-element-49a2809 e-flex e-con-boxed e-con e-parent\" data-id=\"49a2809\" data-element_type=\"container\">\n\t\t\t\t\t<div class=\"e-con-inner\">\n\t\t\t\t<div class=\"elementor-element elementor-element-163e964 elementor-widget elementor-widget-text-editor\" data-id=\"163e964\" data-element_type=\"widget\" data-widget_type=\"text-editor.default\">\n\t\t\t\t<div class=\"elementor-widget-container\">\n\t\t\t\t\t\t\t\t\t<p>Photography by: Rok Juri\u010di\u0107<\/p>\t\t\t\t\t\t\t\t<\/div>\n\t\t\t\t<\/div>\n\t\t\t\t\t<\/div>\n\t\t\t\t<\/div>\n\t\t\t\t<\/div>\n\t\t","protected":false},"excerpt":{"rendered":"<p>MAJA POSAVEC Ne kuham ne smijem seNe \u010ditam na glasNe kupujem tulipaneNisam sretna osoba.Sve je to jedna velika predstavaSve je to moje te\u0161ko u\u010denje. O MENI \u2192 GLAZBA READ MORE&hellip;&nbsp;<a href=\"https:\/\/majaposavec.eu\/index.php\/hr\/home-hr\/\" class=\"\" rel=\"bookmark\">Read More &raquo;<span class=\"screen-reader-text\">Home HR<\/span><\/a><\/p>\n","protected":false},"author":1,"featured_media":0,"parent":0,"menu_order":0,"comment_status":"closed","ping_status":"closed","template":"elementor_header_footer","meta":{"neve_meta_sidebar":"","neve_meta_container":"","neve_meta_enable_content_width":"","neve_meta_content_width":0,"neve_meta_title_alignment":"","neve_meta_author_avatar":"","neve_post_elements_order":"","neve_meta_disable_header":"","neve_meta_disable_footer":"","neve_meta_disable_title":"","footnotes":""},"class_list":["post-1427","page","type-page","status-publish","hentry"],"yoast_head":"<!-- This site is optimized with the Yoast SEO plugin v26.8 - https:\/\/yoast.com\/product\/yoast-seo-wordpress\/ -->\n<title>Home HR - Maja Posavec<\/title>\n<meta name=\"robots\" content=\"index, follow, max-snippet:-1, max-image-preview:large, max-video-preview:-1\" \/>\n<link rel=\"canonical\" href=\"https:\/\/majaposavec.eu\/index.php\/hr\/home-hr\/\" \/>\n<meta property=\"og:locale\" content=\"en_US\" \/>\n<meta property=\"og:type\" content=\"article\" \/>\n<meta property=\"og:title\" content=\"Home HR - Maja Posavec\" \/>\n<meta property=\"og:description\" content=\"MAJA POSAVEC Ne kuham ne smijem seNe \u010ditam na glasNe kupujem tulipaneNisam sretna osoba.Sve je to jedna velika predstavaSve je to moje te\u0161ko u\u010denje. O MENI \u2192 GLAZBA READ MORE&hellip;&nbsp;Read More &raquo;Home HR\" \/>\n<meta property=\"og:url\" content=\"https:\/\/majaposavec.eu\/index.php\/hr\/home-hr\/\" \/>\n<meta property=\"og:site_name\" content=\"Maja Posavec\" \/>\n<meta property=\"article:modified_time\" content=\"2024-05-14T13:18:06+00:00\" \/>\n<meta property=\"og:image\" content=\"https:\/\/majaposavec.eu\/wp-content\/uploads\/2024\/03\/000011300033_31-1536x1018.jpg\" \/>\n<meta name=\"twitter:card\" content=\"summary_large_image\" \/>\n<meta name=\"twitter:label1\" content=\"Est. reading time\" \/>\n\t<meta name=\"twitter:data1\" content=\"1 minute\" \/>\n<script type=\"application\/ld+json\" class=\"yoast-schema-graph\">{\"@context\":\"https:\/\/schema.org\",\"@graph\":[{\"@type\":\"WebPage\",\"@id\":\"https:\/\/majaposavec.eu\/index.php\/hr\/home-hr\/\",\"url\":\"https:\/\/majaposavec.eu\/index.php\/hr\/home-hr\/\",\"name\":\"Home HR - Maja Posavec\",\"isPartOf\":{\"@id\":\"https:\/\/majaposavec.eu\/#website\"},\"primaryImageOfPage\":{\"@id\":\"https:\/\/majaposavec.eu\/index.php\/hr\/home-hr\/#primaryimage\"},\"image\":{\"@id\":\"https:\/\/majaposavec.eu\/index.php\/hr\/home-hr\/#primaryimage\"},\"thumbnailUrl\":\"https:\/\/majaposavec.eu\/wp-content\/uploads\/2024\/03\/000011300033_31-1536x1018.jpg\",\"datePublished\":\"2024-04-11T10:16:26+00:00\",\"dateModified\":\"2024-05-14T13:18:06+00:00\",\"breadcrumb\":{\"@id\":\"https:\/\/majaposavec.eu\/index.php\/hr\/home-hr\/#breadcrumb\"},\"inLanguage\":\"en-US\",\"potentialAction\":[{\"@type\":\"ReadAction\",\"target\":[\"https:\/\/majaposavec.eu\/index.php\/hr\/home-hr\/\"]}]},{\"@type\":\"ImageObject\",\"inLanguage\":\"en-US\",\"@id\":\"https:\/\/majaposavec.eu\/index.php\/hr\/home-hr\/#primaryimage\",\"url\":\"https:\/\/majaposavec.eu\/wp-content\/uploads\/2024\/03\/000011300033_31-scaled.jpg\",\"contentUrl\":\"https:\/\/majaposavec.eu\/wp-content\/uploads\/2024\/03\/000011300033_31-scaled.jpg\",\"width\":2560,\"height\":1697},{\"@type\":\"BreadcrumbList\",\"@id\":\"https:\/\/majaposavec.eu\/index.php\/hr\/home-hr\/#breadcrumb\",\"itemListElement\":[{\"@type\":\"ListItem\",\"position\":1,\"name\":\"Home\",\"item\":\"https:\/\/majaposavec.eu\/\"},{\"@type\":\"ListItem\",\"position\":2,\"name\":\"Home HR\"}]},{\"@type\":\"WebSite\",\"@id\":\"https:\/\/majaposavec.eu\/#website\",\"url\":\"https:\/\/majaposavec.eu\/\",\"name\":\"Maja Posavec\",\"description\":\"\",\"potentialAction\":[{\"@type\":\"SearchAction\",\"target\":{\"@type\":\"EntryPoint\",\"urlTemplate\":\"https:\/\/majaposavec.eu\/?s={search_term_string}\"},\"query-input\":{\"@type\":\"PropertyValueSpecification\",\"valueRequired\":true,\"valueName\":\"search_term_string\"}}],\"inLanguage\":\"en-US\"}]}<\/script>\n<!-- \/ Yoast SEO plugin. -->","yoast_head_json":{"title":"Home HR - Maja Posavec","robots":{"index":"index","follow":"follow","max-snippet":"max-snippet:-1","max-image-preview":"max-image-preview:large","max-video-preview":"max-video-preview:-1"},"canonical":"https:\/\/majaposavec.eu\/index.php\/hr\/home-hr\/","og_locale":"en_US","og_type":"article","og_title":"Home HR - Maja Posavec","og_description":"MAJA POSAVEC Ne kuham ne smijem seNe \u010ditam na glasNe kupujem tulipaneNisam sretna osoba.Sve je to jedna velika predstavaSve je to moje te\u0161ko u\u010denje. O MENI \u2192 GLAZBA READ MORE&hellip;&nbsp;Read More &raquo;Home HR","og_url":"https:\/\/majaposavec.eu\/index.php\/hr\/home-hr\/","og_site_name":"Maja Posavec","article_modified_time":"2024-05-14T13:18:06+00:00","og_image":[{"url":"https:\/\/majaposavec.eu\/wp-content\/uploads\/2024\/03\/000011300033_31-1536x1018.jpg","type":"","width":"","height":""}],"twitter_card":"summary_large_image","twitter_misc":{"Est. reading time":"1 minute"},"schema":{"@context":"https:\/\/schema.org","@graph":[{"@type":"WebPage","@id":"https:\/\/majaposavec.eu\/index.php\/hr\/home-hr\/","url":"https:\/\/majaposavec.eu\/index.php\/hr\/home-hr\/","name":"Home HR - Maja Posavec","isPartOf":{"@id":"https:\/\/majaposavec.eu\/#website"},"primaryImageOfPage":{"@id":"https:\/\/majaposavec.eu\/index.php\/hr\/home-hr\/#primaryimage"},"image":{"@id":"https:\/\/majaposavec.eu\/index.php\/hr\/home-hr\/#primaryimage"},"thumbnailUrl":"https:\/\/majaposavec.eu\/wp-content\/uploads\/2024\/03\/000011300033_31-1536x1018.jpg","datePublished":"2024-04-11T10:16:26+00:00","dateModified":"2024-05-14T13:18:06+00:00","breadcrumb":{"@id":"https:\/\/majaposavec.eu\/index.php\/hr\/home-hr\/#breadcrumb"},"inLanguage":"en-US","potentialAction":[{"@type":"ReadAction","target":["https:\/\/majaposavec.eu\/index.php\/hr\/home-hr\/"]}]},{"@type":"ImageObject","inLanguage":"en-US","@id":"https:\/\/majaposavec.eu\/index.php\/hr\/home-hr\/#primaryimage","url":"https:\/\/majaposavec.eu\/wp-content\/uploads\/2024\/03\/000011300033_31-scaled.jpg","contentUrl":"https:\/\/majaposavec.eu\/wp-content\/uploads\/2024\/03\/000011300033_31-scaled.jpg","width":2560,"height":1697},{"@type":"BreadcrumbList","@id":"https:\/\/majaposavec.eu\/index.php\/hr\/home-hr\/#breadcrumb","itemListElement":[{"@type":"ListItem","position":1,"name":"Home","item":"https:\/\/majaposavec.eu\/"},{"@type":"ListItem","position":2,"name":"Home HR"}]},{"@type":"WebSite","@id":"https:\/\/majaposavec.eu\/#website","url":"https:\/\/majaposavec.eu\/","name":"Maja Posavec","description":"","potentialAction":[{"@type":"SearchAction","target":{"@type":"EntryPoint","urlTemplate":"https:\/\/majaposavec.eu\/?s={search_term_string}"},"query-input":{"@type":"PropertyValueSpecification","valueRequired":true,"valueName":"search_term_string"}}],"inLanguage":"en-US"}]}},"_links":{"self":[{"href":"https:\/\/majaposavec.eu\/index.php\/wp-json\/wp\/v2\/pages\/1427","targetHints":{"allow":["GET"]}}],"collection":[{"href":"https:\/\/majaposavec.eu\/index.php\/wp-json\/wp\/v2\/pages"}],"about":[{"href":"https:\/\/majaposavec.eu\/index.php\/wp-json\/wp\/v2\/types\/page"}],"author":[{"embeddable":true,"href":"https:\/\/majaposavec.eu\/index.php\/wp-json\/wp\/v2\/users\/1"}],"replies":[{"embeddable":true,"href":"https:\/\/majaposavec.eu\/index.php\/wp-json\/wp\/v2\/comments?post=1427"}],"version-history":[{"count":34,"href":"https:\/\/majaposavec.eu\/index.php\/wp-json\/wp\/v2\/pages\/1427\/revisions"}],"predecessor-version":[{"id":1539,"href":"https:\/\/majaposavec.eu\/index.php\/wp-json\/wp\/v2\/pages\/1427\/revisions\/1539"}],"wp:attachment":[{"href":"https:\/\/majaposavec.eu\/index.php\/wp-json\/wp\/v2\/media?parent=1427"}],"curies":[{"name":"wp","href":"https:\/\/api.w.org\/{rel}","templated":true}]}}